{"id":49,"date":"2023-04-18T09:47:27","date_gmt":"2023-04-18T09:47:27","guid":{"rendered":"https:\/\/elcp.fr\/?page_id=49"},"modified":"2024-01-19T14:32:27","modified_gmt":"2024-01-19T14:32:27","slug":"ressources","status":"publish","type":"page","link":"https:\/\/elcp.fr\/index.php\/ressources\/","title":{"rendered":"Ressources"},"content":{"rendered":"\n<p><strong>Ressources<\/strong><\/p>\n\n\n\n<hr class=\"wp-block-separator has-alpha-channel-opacity is-style-wide\"\/>\n\n\n\n<p><strong>Sur la biologie du paludisme et de sa transmission<\/strong><\/p>\n\n\n\n<p><a href=\"https:\/\/www.who.int\/fr\/news-room\/questions-and-answers\/item\/malaria\" target=\"_blank\" rel=\"noreferrer noopener\">Organisation Mondiale de la Sant\u00e9<\/a><\/p>\n\n\n\n<p><a href=\"https:\/\/www.pasteur.fr\/fr\/centre-medical\/fiches-maladies\/paludisme\" target=\"_blank\" rel=\"noreferrer noopener\">Institut Pasteur<\/a><\/p>\n\n\n\n<p><strong>Sur le poids du paludisme dans le monde aujourd\u2019hui<\/strong><\/p>\n\n\n\n<p><a href=\"https:\/\/www.who.int\/fr\/teams\/global-malaria-programme\/reports\/world-malaria-report-2023\">Rapport Annuel de l&#8217;OMS sur le paludisme 2023<\/a><\/p>\n\n\n\n<p><a href=\"https:\/\/endmalaria.org\/fr\/malaria-world-map\" target=\"_blank\" rel=\"noreferrer noopener\">Partenariat RBM pour en finir avec le paludisme<\/a><\/p>\n\n\n\n<p><a href=\"https:\/\/apps.who.int\/malaria\/maps\/threats\/\" target=\"_blank\" rel=\"noreferrer noopener\">Carte de l&#8217;OMS des menaces du paludisme&nbsp;<\/a><\/p>\n\n\n\n<p><strong>Sur la lutte contre le paludisme<\/strong><\/p>\n\n\n\n<p><a href=\"https:\/\/www.theglobalfund.org\/fr\/malaria\/\" target=\"_blank\" rel=\"noreferrer noopener\">Fonds Mondial&nbsp;<\/a><\/p>\n\n\n\n<p><a href=\"https:\/\/www.theglobalfund.org\/fr\/results\/#malaria\" target=\"_blank\" rel=\"noreferrer noopener\">Rapport de r\u00e9sultats du Fonds Mondial sur le paludisme<\/a><\/p>\n\n\n\n<p><a href=\"https:\/\/endmalaria.org\/\" target=\"_blank\" rel=\"noreferrer noopener\">Partenariat RBM pour en finir avec le paludisme<\/a><\/p>\n\n\n\n<p><a href=\"https:\/\/www.who.int\/fr\/teams\/global-malaria-programme\" target=\"_blank\" rel=\"noreferrer noopener\">Programme mondial de l&#8217;OMS de lutte contre le paludisme&nbsp;<\/a><\/p>\n\n\n\n<p><strong>Sur les derni\u00e8res avanc\u00e9es de la recherche dans la lutte contre le paludisme<\/strong><\/p>\n\n\n\n<p><a href=\"https:\/\/www.who.int\/fr\/news\/item\/06-10-2021-who-recommends-groundbreaking-malaria-vaccine-for-children-at-risk\" target=\"_blank\" rel=\"noreferrer noopener\">Recommandation de l&#8217;OMS sur le vaccin anti-paludique<\/a><\/p>\n\n\n\n<p><a href=\"https:\/\/www.who.int\/fr\/campaigns\/world-malaria-day\/2022\/prospects-for-new-interventions\" target=\"_blank\" rel=\"noreferrer noopener\">Perspective de nouvelles interventions de l&#8217;OMS<\/a><\/p>\n\n\n\n<p><a href=\"https:\/\/www.nature.com\/articles\/d44148-022-00056-1\" target=\"_blank\" rel=\"noreferrer noopener\">Article de Nature sur le nouvelles moustiquaires<\/a><\/p>\n\n\n\n<p><strong>Sur le paludisme en France<\/strong><\/p>\n\n\n\n<p><a href=\"https:\/\/sante.gouv.fr\/soins-et-maladies\/maladies\/maladies-infectieuses\/article\/paludisme\" target=\"_blank\" rel=\"noreferrer noopener\">Minist\u00e8re de la Sant\u00e9 et de la Pr\u00e9vention<\/a><\/p>\n\n\n\n<p><a href=\"https:\/\/cnr-paludisme.fr\/\" target=\"_blank\" rel=\"noreferrer noopener\">Centre National de R\u00e9f\u00e9rence du paludisme<\/a><\/p>\n\n\n\n<p><a href=\"https:\/\/www.santepubliquefrance.fr\/maladies-et-traumatismes\/maladies-a-transmission-vectorielle\/paludisme\" target=\"_blank\" rel=\"noreferrer noopener\">Sant\u00e9 Publique France<\/a><\/p>\n","protected":false},"excerpt":{"rendered":"<p>Ressources Sur la biologie du paludisme et de sa transmission Organisation Mondiale de la Sant\u00e9 Institut Pasteur Sur le poids du paludisme dans le monde aujourd\u2019hui Rapport Annuel de l&#8217;OMS sur le paludisme 2023 Partenariat RBM pour en finir avec le paludisme Carte de l&#8217;OMS des menaces du paludisme&nbsp; Sur la lutte contre le paludisme &hellip; <\/p>\n<p class=\"link-more\"><a href=\"https:\/\/elcp.fr\/index.php\/ressources\/\" class=\"more-link\">Read more<span class=\"screen-reader-text\"> &#8220;Ressources&#8221;<\/span><\/a><\/p>\n","protected":false},"author":1,"featured_media":0,"parent":0,"menu_order":0,"comment_status":"closed","ping_status":"closed","template":"","meta":{"footnotes":""},"class_list":["post-49","page","type-page","status-publish","hentry"],"_links":{"self":[{"href":"https:\/\/elcp.fr\/index.php\/wp-json\/wp\/v2\/pages\/49","targetHints":{"allow":["GET"]}}],"collection":[{"href":"https:\/\/elcp.fr\/index.php\/wp-json\/wp\/v2\/pages"}],"about":[{"href":"https:\/\/elcp.fr\/index.php\/wp-json\/wp\/v2\/types\/page"}],"author":[{"embeddable":true,"href":"https:\/\/elcp.fr\/index.php\/wp-json\/wp\/v2\/users\/1"}],"replies":[{"embeddable":true,"href":"https:\/\/elcp.fr\/index.php\/wp-json\/wp\/v2\/comments?post=49"}],"version-history":[{"count":4,"href":"https:\/\/elcp.fr\/index.php\/wp-json\/wp\/v2\/pages\/49\/revisions"}],"predecessor-version":[{"id":268,"href":"https:\/\/elcp.fr\/index.php\/wp-json\/wp\/v2\/pages\/49\/revisions\/268"}],"wp:attachment":[{"href":"https:\/\/elcp.fr\/index.php\/wp-json\/wp\/v2\/media?parent=49"}],"curies":[{"name":"wp","href":"https:\/\/api.w.org\/{rel}","templated":true}]}}