{"id":316,"date":"2024-01-19T18:51:37","date_gmt":"2024-01-19T18:51:37","guid":{"rendered":"https:\/\/elcp.fr\/?page_id=316"},"modified":"2024-01-19T21:17:39","modified_gmt":"2024-01-19T21:17:39","slug":"dejeuner-parlementaire","status":"publish","type":"page","link":"https:\/\/elcp.fr\/index.php\/dejeuner-parlementaire\/","title":{"rendered":"D\u00e9jeuner parlementaire"},"content":{"rendered":"\n<p><strong>D\u00e9jeuner parlementaire<\/strong><\/p>\n\n\n\n<hr class=\"wp-block-separator has-alpha-channel-opacity is-style-wide\"\/>\n\n\n\n<p>Le 3 octobre 2023, les ELCP organisaient leur premier d\u00e9jeuner parlementaire au restaurant Chez Fran\u00e7oise.&nbsp;<\/p>\n\n\n\n<p>Ce d\u00e9jeuner visait \u00e0 :&nbsp;<\/p>\n\n\n\n<p><strong>&#8211; &nbsp; Mettre en lumi\u00e8re l\u2019importance de la question du paludisme pour les diasporas, notamment via les \u00e9lus locaux<\/strong><\/p>\n\n\n\n<p><strong>&#8211; &nbsp; Engager une discussion et mobiliser les parlementaires fran\u00e7ais sur l\u2019importance de la contribution fran\u00e7aise \u00e0 la lutte contre le paludisme<\/strong><\/p>\n\n\n\n<p><strong>&#8211; &nbsp; Envisager comment am\u00e9liorer la pr\u00e9vention du paludisme dans l\u2019hexagone et les outremers.<\/strong><\/p>\n\n\n\n<p><strong>&#8211; &nbsp; Porter un plaidoyer sur l\u2019Aide Public au D\u00e9veloppement pour une acc\u00e9l\u00e9ration de la lutte contre le paludisme.<\/strong><\/p>\n\n\n\n<p>Le panel \u00e9tait compos\u00e9 d<strong>\u2019Anne-Claire Amprou<\/strong>, Ambassadrice pour la Sant\u00e9 Mondiale, de <strong>Jean-Fran\u00e7ois Mbaye<\/strong>, vice-pr\u00e9sident des ELCP, de <strong>Fran\u00e7oise Vanni<\/strong>, directrice des relations ext\u00e9rieures et de la communication du Fonds Mondial, de <strong>Guillaume Gouffier Valente<\/strong>, d\u00e9put\u00e9 du Val-de-Marne, Professeur <strong>Sandrine Houz\u00e9<\/strong> \u2013 Coordinatrice du CNR du paludisme.&nbsp;<\/p>\n\n\n\n<p>Plusieurs d\u00e9put\u00e9s de diff\u00e9rents groupes politiques de l\u2019assembl\u00e9e nationale (Renaissance, Ecologistes-NUPES, France Insoumise-NUPES, et R\u00e9publicains) ont particip\u00e9 \u00e0 cette discussion, ainsi que M. J\u00e9r\u00f4me Weinbach, d\u00e9l\u00e9gu\u00e9 adjoint aux affaires europ\u00e9ennes et internationales du minist\u00e8re de la sant\u00e9 ainsi que les partenaires.&nbsp;<\/p>\n\n\n\n<p>Ce d\u00e9jeuner \u00e9tait organis\u00e9 en association avec <a href=\"https:\/\/gouttedor-et-vous.org\/_Esprit-d-Ebene_\">Esprit d\u2019Eb\u00e8ne<\/a>, les <a href=\"https:\/\/www.friendsofeurope.org\/\">Amis du Fonds Mondial Europe<\/a>, <a href=\"https:\/\/www.speakupafrica.org\/\">Speak Up Africa<\/a> et le <a href=\"https:\/\/www.theglobalfund.org\/\">Fonds mondial<\/a>.<\/p>\n\n\n\n<hr class=\"wp-block-separator has-alpha-channel-opacity is-style-wide\"\/>\n\n\n\n<figure class=\"wp-block-gallery has-nested-images columns-3 is-cropped wp-block-gallery-1 is-layout-flex wp-block-gallery-is-layout-flex\">\n<figure class=\"wp-block-image size-large\"><img loading=\"lazy\" decoding=\"async\" width=\"1024\" height=\"768\" data-id=\"363\" src=\"https:\/\/elcp.fr\/wp-content\/uploads\/2024\/01\/WhatsApp-Image-2024-01-19-at-20.22.30.jpeg\" alt=\"\" class=\"wp-image-363\" srcset=\"https:\/\/elcp.fr\/wp-content\/uploads\/2024\/01\/WhatsApp-Image-2024-01-19-at-20.22.30.jpeg 1024w, https:\/\/elcp.fr\/wp-content\/uploads\/2024\/01\/WhatsApp-Image-2024-01-19-at-20.22.30-300x225.jpeg 300w, https:\/\/elcp.fr\/wp-content\/uploads\/2024\/01\/WhatsApp-Image-2024-01-19-at-20.22.30-768x576.jpeg 768w\" sizes=\"auto, (max-width: 1024px) 100vw, 1024px\" \/><\/figure>\n\n\n\n<figure class=\"wp-block-image size-large\"><img loading=\"lazy\" decoding=\"async\" width=\"1024\" height=\"769\" data-id=\"364\" src=\"https:\/\/elcp.fr\/wp-content\/uploads\/2024\/01\/4748EA4B-BF0C-4FAF-BA53-C493FA1674FA_1_105_c.jpeg\" alt=\"\" class=\"wp-image-364\" srcset=\"https:\/\/elcp.fr\/wp-content\/uploads\/2024\/01\/4748EA4B-BF0C-4FAF-BA53-C493FA1674FA_1_105_c.jpeg 1024w, https:\/\/elcp.fr\/wp-content\/uploads\/2024\/01\/4748EA4B-BF0C-4FAF-BA53-C493FA1674FA_1_105_c-300x225.jpeg 300w, https:\/\/elcp.fr\/wp-content\/uploads\/2024\/01\/4748EA4B-BF0C-4FAF-BA53-C493FA1674FA_1_105_c-768x577.jpeg 768w\" sizes=\"auto, (max-width: 1024px) 100vw, 1024px\" \/><\/figure>\n\n\n\n<figure class=\"wp-block-image size-large\"><img loading=\"lazy\" decoding=\"async\" width=\"1024\" height=\"768\" data-id=\"362\" src=\"https:\/\/elcp.fr\/wp-content\/uploads\/2024\/01\/WhatsApp-Image-2024-01-19-at-20.23.06.jpeg\" alt=\"\" class=\"wp-image-362\" srcset=\"https:\/\/elcp.fr\/wp-content\/uploads\/2024\/01\/WhatsApp-Image-2024-01-19-at-20.23.06.jpeg 1024w, https:\/\/elcp.fr\/wp-content\/uploads\/2024\/01\/WhatsApp-Image-2024-01-19-at-20.23.06-300x225.jpeg 300w, https:\/\/elcp.fr\/wp-content\/uploads\/2024\/01\/WhatsApp-Image-2024-01-19-at-20.23.06-768x576.jpeg 768w\" sizes=\"auto, (max-width: 1024px) 100vw, 1024px\" \/><\/figure>\n\n\n\n<figure class=\"wp-block-image size-large\"><img loading=\"lazy\" decoding=\"async\" width=\"768\" height=\"1024\" data-id=\"365\" src=\"https:\/\/elcp.fr\/wp-content\/uploads\/2024\/01\/WhatsApp-Image-2024-01-19-at-20.22.19-2.jpeg\" alt=\"\" class=\"wp-image-365\" srcset=\"https:\/\/elcp.fr\/wp-content\/uploads\/2024\/01\/WhatsApp-Image-2024-01-19-at-20.22.19-2.jpeg 768w, https:\/\/elcp.fr\/wp-content\/uploads\/2024\/01\/WhatsApp-Image-2024-01-19-at-20.22.19-2-225x300.jpeg 225w\" sizes=\"auto, (max-width: 768px) 100vw, 768px\" \/><\/figure>\n<\/figure>\n","protected":false},"excerpt":{"rendered":"<p>D\u00e9jeuner parlementaire Le 3 octobre 2023, les ELCP organisaient leur premier d\u00e9jeuner parlementaire au restaurant Chez Fran\u00e7oise.&nbsp; Ce d\u00e9jeuner visait \u00e0 :&nbsp; &#8211; &nbsp; Mettre en lumi\u00e8re l\u2019importance de la question du paludisme pour les diasporas, notamment via les \u00e9lus locaux &#8211; &nbsp; Engager une discussion et mobiliser les parlementaires fran\u00e7ais sur l\u2019importance de la &hellip; <\/p>\n<p class=\"link-more\"><a href=\"https:\/\/elcp.fr\/index.php\/dejeuner-parlementaire\/\" class=\"more-link\">Read more<span class=\"screen-reader-text\"> &#8220;D\u00e9jeuner parlementaire&#8221;<\/span><\/a><\/p>\n","protected":false},"author":2,"featured_media":0,"parent":0,"menu_order":0,"comment_status":"closed","ping_status":"closed","template":"","meta":{"footnotes":""},"class_list":["post-316","page","type-page","status-publish","hentry"],"_links":{"self":[{"href":"https:\/\/elcp.fr\/index.php\/wp-json\/wp\/v2\/pages\/316","targetHints":{"allow":["GET"]}}],"collection":[{"href":"https:\/\/elcp.fr\/index.php\/wp-json\/wp\/v2\/pages"}],"about":[{"href":"https:\/\/elcp.fr\/index.php\/wp-json\/wp\/v2\/types\/page"}],"author":[{"embeddable":true,"href":"https:\/\/elcp.fr\/index.php\/wp-json\/wp\/v2\/users\/2"}],"replies":[{"embeddable":true,"href":"https:\/\/elcp.fr\/index.php\/wp-json\/wp\/v2\/comments?post=316"}],"version-history":[{"count":4,"href":"https:\/\/elcp.fr\/index.php\/wp-json\/wp\/v2\/pages\/316\/revisions"}],"predecessor-version":[{"id":367,"href":"https:\/\/elcp.fr\/index.php\/wp-json\/wp\/v2\/pages\/316\/revisions\/367"}],"wp:attachment":[{"href":"https:\/\/elcp.fr\/index.php\/wp-json\/wp\/v2\/media?parent=316"}],"curies":[{"name":"wp","href":"https:\/\/api.w.org\/{rel}","templated":true}]}}