{"id":260,"date":"2024-01-19T14:21:42","date_gmt":"2024-01-19T14:21:42","guid":{"rendered":"https:\/\/elcp.fr\/?page_id=260"},"modified":"2024-01-19T21:38:46","modified_gmt":"2024-01-19T21:38:46","slug":"zero-palu-le-foot-sengage","status":"publish","type":"page","link":"https:\/\/elcp.fr\/index.php\/zero-palu-le-foot-sengage\/","title":{"rendered":"Z\u00e9ro Palu: le foot s\u2019engage"},"content":{"rendered":"\n<p><strong>Z\u00e9ro Palu: le foot s\u2019engage<\/strong><\/p>\n\n\n\n<hr class=\"wp-block-separator has-alpha-channel-opacity is-style-wide\"\/>\n\n\n\n<p>A l\u2019occasion de la Coupe d\u2019Afrique des Nations, les Elus Locaux Contre le Paludisme ont lanc\u00e9 une mobilisation aupr\u00e8s des joueurs participant \u00e0 la CAN entre le 13 janvier et le 11 f\u00e9vrier 2024 \u00e0 Abidjan, C\u00f4te d\u2019Ivoire. Cette campagne est intitul\u00e9 \u201cZ\u00e9ro palu: le foot s\u2019engage\u201d.&nbsp;<\/p>\n\n\n\n<p>Les joueurs acceptant de s\u2019engager contre le paludisme ont r\u00e9alis\u00e9 des vid\u00e9os avec des messages simples d\u2019engagement contre cette maladie qui seront post\u00e9s pendant toute la dur\u00e9e de la CAN sur les r\u00e9seaux sociaux des ELCP. Une vid\u00e9o reprenant les principaux messages ainsi qu\u2019un texte d\u2019appel \u00e0 la mobilisation a \u00e9t\u00e9 produite et diffus\u00e9e en plus des vid\u00e9os individuelles. Les joueurs et leur f\u00e9d\u00e9ration sont encourag\u00e9s \u00e0 poster ces vid\u00e9os, et les ELCP ont \u00e9tabli des partenariat avec plusieurs associations, projets de recherche contre le paludisme pour relayer de cette campagne.<\/p>\n\n\n\n<figure class=\"wp-block-pullquote\" style=\"border-style:none;border-width:0px;border-radius:0px;font-size:11px;font-style:normal;font-weight:300\"><blockquote><p>Je suis ravi de rejoindre la lutte contre le paludisme et de soutenir les efforts du partenariat RBM pour mettre fin au paludisme. Il est inacceptable que cette maladie continue de tuer un enfant chaque minute. Les jeunes en Afrique doivent comprendre qu&#8217;ils ont un r\u00f4le \u00e0 jouer dans cette lutte importante. Le paludisme entrave notre cr\u00e9ativit\u00e9 et notre capacit\u00e9 \u00e0 briller et \u00e0 r\u00e9aliser nos r\u00eaves, et nous devons l&#8217;\u00e9liminer d\u00e9finitivement<strong>.<\/strong><\/p><cite><strong>l&#8217;artiste international Didi B<\/strong><\/cite><\/blockquote><\/figure>\n\n\n\n<figure class=\"wp-block-embed is-type-video is-provider-youtube wp-block-embed-youtube wp-embed-aspect-16-9 wp-has-aspect-ratio\"><div class=\"wp-block-embed__wrapper\">\n<iframe loading=\"lazy\" title=\"Zero palu, le foot s&#039;engage en amont de la #can2024 #zeropalujemengage #football\" width=\"950\" height=\"534\" src=\"https:\/\/www.youtube.com\/embed\/Ygn5dchkCsw?feature=oembed\" frameborder=\"0\" allow=\"accelerometer; autoplay; clipboard-write; encrypted-media; gyroscope; picture-in-picture; web-share\" allowfullscreen><\/iframe>\n<\/div><\/figure>\n\n\n\n<p>Cette vid\u00e9o de la campagne a \u00e9t\u00e9 montr\u00e9e lors de la conf\u00e9rence de presse co-organis\u00e9e avec le <a href=\"http:\/\/endmalaria.org\/\">Partenariat RBM pour en finir avec le paludisme<\/a>, l\u2019initiative F.C. palu, et <a href=\"https:\/\/gouttedor-et-vous.org\/_Esprit-d-Ebene_\">Esprit d\u2019\u00e9b\u00e8ne<\/a>. S.E. le ministre de la sant\u00e9 de C\u00f4te d\u2019Ivoire (Pierre N&#8217;Gou Dimba), S.E l\u2019ambassadrice des Etats Unis en C\u00f4te d\u2019Ivoire (Jessica Davis Ba), le Premier conseiller de l\u2019ambassadeur de France en C\u00f4te d\u2019Ivoire (Beno\u00eet Verdeaux), le directeur ex\u00e9cutif du Partenariat RBM pour en finir avec le paludisme (Dr Michael Charles) et l\u2019artiste international Didi B sont intervenus lors de cette conf\u00e9rence de presse \u00e0 laquelle \u00e9taient pr\u00e9sents de nombreux m\u00e9dias ivoiriens et internationaux qui ont couvert l\u2019\u00e9v\u00e9nement.&nbsp;<\/p>\n\n\n\n<div class=\"wp-block-group is-nowrap is-layout-flex wp-container-core-group-is-layout-ad2f72ca wp-block-group-is-layout-flex\">\n<blockquote class=\"wp-block-quote is-style-plain has-small-font-size is-layout-flow wp-block-quote-is-layout-flow\" style=\"font-style:normal;font-weight:400\">\n<p class=\"has-small-font-size\">Le paludisme ne fait pas de discrimination. Le paludisme ne fait pas de quartier et le paludisme continue de se propager. Nous savons tous que, malheureusement, l&#8217;Afrique supporte presque enti\u00e8rement le fardeau de cette maladie \u00e0 l&#8217;\u00e9chelle mondiale. Cependant, malgr\u00e9 cette image sombre, nous devons rester optimistes et agir. Parce que chacun, que ce soit dans cette salle, devant vos \u00e9crans, dans les stades et dans les communaut\u00e9s, a un r\u00f4le \u00e0 jouer pour mettre fin \u00e0 cette maladie.<\/p>\n<cite><strong>Pierre N\u2019Gou Dimba, Ministre de la Sant\u00e9 et de l&#8217;Hygi\u00e8ne publique de C\u00f4te d&#8217;Ivoire.<\/strong><\/cite><\/blockquote>\n\n\n\n<blockquote class=\"wp-block-quote is-style-plain has-small-font-size is-layout-flow wp-block-quote-is-layout-flow\" style=\"font-style:normal;font-weight:400\">\n<p><\/p>\n\n\n\n<p class=\"has-small-font-size\">Le paludisme est une menace pour les populations du monde entier. Son \u00e9radication repr\u00e9sente donc un enjeu de sant\u00e9 mondiale qui nous engage tous. Ce d\u00e9fi collectif doit se traduire par des moyens plus cons\u00e9quents et p\u00e9rennes. La f\u00eate du football africain, que la C\u00f4te d\u2019Ivoire accueille dans quelques jours, est un \u00e9v\u00e9nement de port\u00e9e mondiale. C\u2019est une occasion \u00e0 saisir pour faire appel au plus grand nombre.<br><br><\/p>\n<cite><strong>Beno\u00eet Verdeaux, Premier Conseiller de l&#8217;Ambassadeur de France en C\u00f4te d&#8217;Ivoire.<\/strong><\/cite><\/blockquote>\n\n\n\n<blockquote class=\"wp-block-quote is-style-plain has-small-font-size is-layout-flow wp-block-quote-is-layout-flow\" style=\"font-style:normal;font-weight:400\">\n<p class=\"has-small-font-size\"><br>Nous saluons la vision du F.C. Z\u00e9ro Palu qui rassemble des athl\u00e8tes mondialement reconnus pour utiliser leurs plateformes \u00e9tendues afin d&#8217;accro\u00eetre la sensibilisation au paludisme et plaider en faveur d&#8217;une r\u00e9ponse plus forte contre le paludisme. La CAN offre une opportunit\u00e9 majeure de combiner le pouvoir unificateur du football avec la diffusion de messages anti-paludisme et de lancer un appel \u00e0 l&#8217;action qui mobilisera les jeunes, les d\u00e9cideurs, les acteurs du secteur priv\u00e9 et les membres de la soci\u00e9t\u00e9 civile pour devenir des ambassadeurs du changement. <\/p>\n<cite><strong>S.E. Jessica Davis Ba, Ambassadeur des \u00c9tats-Unis en C\u00f4te d&#8217;Ivoire.<\/strong><\/cite><\/blockquote>\n<\/div>\n\n\n\n<figure class=\"wp-block-gallery has-nested-images columns-default is-cropped wp-block-gallery-1 is-layout-flex wp-block-gallery-is-layout-flex\">\n<figure class=\"wp-block-image size-large\"><img loading=\"lazy\" decoding=\"async\" width=\"1024\" height=\"650\" data-id=\"375\" src=\"https:\/\/elcp.fr\/wp-content\/uploads\/2024\/01\/RBM-PULLMAN_18-1-1024x650.jpg\" alt=\"\" class=\"wp-image-375\" srcset=\"https:\/\/elcp.fr\/wp-content\/uploads\/2024\/01\/RBM-PULLMAN_18-1-1024x650.jpg 1024w, https:\/\/elcp.fr\/wp-content\/uploads\/2024\/01\/RBM-PULLMAN_18-1-300x191.jpg 300w, https:\/\/elcp.fr\/wp-content\/uploads\/2024\/01\/RBM-PULLMAN_18-1-768x488.jpg 768w, https:\/\/elcp.fr\/wp-content\/uploads\/2024\/01\/RBM-PULLMAN_18-1-1536x976.jpg 1536w, https:\/\/elcp.fr\/wp-content\/uploads\/2024\/01\/RBM-PULLMAN_18-1-2048x1301.jpg 2048w, https:\/\/elcp.fr\/wp-content\/uploads\/2024\/01\/RBM-PULLMAN_18-1-2000x1270.jpg 2000w\" sizes=\"auto, (max-width: 1024px) 100vw, 1024px\" \/><figcaption class=\"wp-element-caption\">\u00a9RBM<\/figcaption><\/figure>\n\n\n\n<figure class=\"wp-block-image size-large\"><img loading=\"lazy\" decoding=\"async\" width=\"1024\" height=\"626\" data-id=\"377\" src=\"https:\/\/elcp.fr\/wp-content\/uploads\/2024\/01\/RBM-PULLMAN_28-1024x626.jpg\" alt=\"\" class=\"wp-image-377\" srcset=\"https:\/\/elcp.fr\/wp-content\/uploads\/2024\/01\/RBM-PULLMAN_28-1024x626.jpg 1024w, https:\/\/elcp.fr\/wp-content\/uploads\/2024\/01\/RBM-PULLMAN_28-300x184.jpg 300w, https:\/\/elcp.fr\/wp-content\/uploads\/2024\/01\/RBM-PULLMAN_28-768x470.jpg 768w, https:\/\/elcp.fr\/wp-content\/uploads\/2024\/01\/RBM-PULLMAN_28-1536x940.jpg 1536w, https:\/\/elcp.fr\/wp-content\/uploads\/2024\/01\/RBM-PULLMAN_28-2048x1253.jpg 2048w, https:\/\/elcp.fr\/wp-content\/uploads\/2024\/01\/RBM-PULLMAN_28-2000x1224.jpg 2000w\" sizes=\"auto, (max-width: 1024px) 100vw, 1024px\" \/><figcaption class=\"wp-element-caption\">\u00a9RBM<\/figcaption><\/figure>\n\n\n\n<figure class=\"wp-block-image size-large\"><img loading=\"lazy\" decoding=\"async\" width=\"1024\" height=\"631\" data-id=\"376\" src=\"https:\/\/elcp.fr\/wp-content\/uploads\/2024\/01\/RMB-Restau-Comptoir_78-2-1024x631.jpg\" alt=\"\" class=\"wp-image-376\" srcset=\"https:\/\/elcp.fr\/wp-content\/uploads\/2024\/01\/RMB-Restau-Comptoir_78-2-1024x631.jpg 1024w, https:\/\/elcp.fr\/wp-content\/uploads\/2024\/01\/RMB-Restau-Comptoir_78-2-300x185.jpg 300w, https:\/\/elcp.fr\/wp-content\/uploads\/2024\/01\/RMB-Restau-Comptoir_78-2-768x473.jpg 768w, https:\/\/elcp.fr\/wp-content\/uploads\/2024\/01\/RMB-Restau-Comptoir_78-2-1536x946.jpg 1536w, https:\/\/elcp.fr\/wp-content\/uploads\/2024\/01\/RMB-Restau-Comptoir_78-2-2048x1261.jpg 2048w, https:\/\/elcp.fr\/wp-content\/uploads\/2024\/01\/RMB-Restau-Comptoir_78-2-2000x1232.jpg 2000w\" sizes=\"auto, (max-width: 1024px) 100vw, 1024px\" \/><figcaption class=\"wp-element-caption\">\u00a9RBM<\/figcaption><\/figure>\n\n\n\n<figure class=\"wp-block-image size-large\"><img loading=\"lazy\" decoding=\"async\" width=\"768\" height=\"1024\" data-id=\"374\" src=\"https:\/\/elcp.fr\/wp-content\/uploads\/2024\/01\/WhatsApp-Image-2024-01-15-at-16.06.42.jpeg\" alt=\"\" class=\"wp-image-374\" srcset=\"https:\/\/elcp.fr\/wp-content\/uploads\/2024\/01\/WhatsApp-Image-2024-01-15-at-16.06.42.jpeg 768w, https:\/\/elcp.fr\/wp-content\/uploads\/2024\/01\/WhatsApp-Image-2024-01-15-at-16.06.42-225x300.jpeg 225w\" sizes=\"auto, (max-width: 768px) 100vw, 768px\" \/><\/figure>\n<\/figure>\n","protected":false},"excerpt":{"rendered":"<p>Z\u00e9ro Palu: le foot s\u2019engage A l\u2019occasion de la Coupe d\u2019Afrique des Nations, les Elus Locaux Contre le Paludisme ont lanc\u00e9 une mobilisation aupr\u00e8s des joueurs participant \u00e0 la CAN entre le 13 janvier et le 11 f\u00e9vrier 2024 \u00e0 Abidjan, C\u00f4te d\u2019Ivoire. Cette campagne est intitul\u00e9 \u201cZ\u00e9ro palu: le foot s\u2019engage\u201d.&nbsp; Les joueurs acceptant &hellip; <\/p>\n<p class=\"link-more\"><a href=\"https:\/\/elcp.fr\/index.php\/zero-palu-le-foot-sengage\/\" class=\"more-link\">Read more<span class=\"screen-reader-text\"> &#8220;Z\u00e9ro Palu: le foot s\u2019engage&#8221;<\/span><\/a><\/p>\n","protected":false},"author":2,"featured_media":0,"parent":0,"menu_order":0,"comment_status":"closed","ping_status":"closed","template":"","meta":{"footnotes":""},"class_list":["post-260","page","type-page","status-publish","hentry"],"_links":{"self":[{"href":"https:\/\/elcp.fr\/index.php\/wp-json\/wp\/v2\/pages\/260","targetHints":{"allow":["GET"]}}],"collection":[{"href":"https:\/\/elcp.fr\/index.php\/wp-json\/wp\/v2\/pages"}],"about":[{"href":"https:\/\/elcp.fr\/index.php\/wp-json\/wp\/v2\/types\/page"}],"author":[{"embeddable":true,"href":"https:\/\/elcp.fr\/index.php\/wp-json\/wp\/v2\/users\/2"}],"replies":[{"embeddable":true,"href":"https:\/\/elcp.fr\/index.php\/wp-json\/wp\/v2\/comments?post=260"}],"version-history":[{"count":15,"href":"https:\/\/elcp.fr\/index.php\/wp-json\/wp\/v2\/pages\/260\/revisions"}],"predecessor-version":[{"id":394,"href":"https:\/\/elcp.fr\/index.php\/wp-json\/wp\/v2\/pages\/260\/revisions\/394"}],"wp:attachment":[{"href":"https:\/\/elcp.fr\/index.php\/wp-json\/wp\/v2\/media?parent=260"}],"curies":[{"name":"wp","href":"https:\/\/api.w.org\/{rel}","templated":true}]}}