{"id":258,"date":"2024-01-19T14:20:30","date_gmt":"2024-01-19T14:20:30","guid":{"rendered":"https:\/\/elcp.fr\/?page_id=258"},"modified":"2024-01-19T21:21:25","modified_gmt":"2024-01-19T21:21:25","slug":"mobilisation-des-elus-de-lassociation-internationale-des-maires-francophones","status":"publish","type":"page","link":"https:\/\/elcp.fr\/index.php\/mobilisation-des-elus-de-lassociation-internationale-des-maires-francophones\/","title":{"rendered":"Mobilisation des \u00e9lus de l\u2019Association Internationale des Maires Francophones"},"content":{"rendered":"\n<p><strong>Mobilisation des \u00e9lus de l\u2019Association Internationale des Maires Francophones<\/strong><\/p>\n\n\n\n<hr class=\"wp-block-separator has-alpha-channel-opacity is-style-wide\"\/>\n\n\n\n<p>En octobre 2023, les ELCP se sont mobilis\u00e9s pour mettre le paludisme au menu des discussions du congr\u00e8s de l\u2019Association Internationale des Maires Francophones, qui se tenait \u00e0 Cotonou.&nbsp;<\/p>\n\n\n\n<p>Cette mobilisation a \u00e9t\u00e9 possible gr\u00e2ce \u00e0 l\u2019accueil de l\u2019<a href=\"https:\/\/www.aimf.asso.fr\/\">AIMF<\/a> et au partenariat avec <a href=\"https:\/\/www.speakupafrica.org\/fr\/\">Speak Up Africa<\/a>, une association de la soci\u00e9t\u00e9 civile engag\u00e9e dans la lutte contre le paludisme.&nbsp;<\/p>\n\n\n\n<p>Cette mobilisation a consist\u00e9 en plusieurs d\u00e9jeuners lors desquels les repr\u00e9sentants des ELCP (le pr\u00e9sident Mams Yaffa, et le tr\u00e9sorier Bamadi Sanokho) ont discut\u00e9 du paludisme et des enjeux de la lutte contre cette maladie notamment en zone urbaine avec les maires de Cotonu, Dakar, Mana, Praia. Les deux repr\u00e9sentants des ELCP ont \u00e9galement pris la parole lors de deux ateliers sur l\u2019art (Les arts de la rue au service de la lutte contre le changement climatique) et le <a href=\"https:\/\/www.urbanisme-francophonie.org\/partagez\/sport-et-developpement-urbain\/\">sport<\/a> (Le sport et le d\u00e9veloppement urbain comme antidote \u00e0 l\u2019immigration des jeunes) lors desquels ils ont partag\u00e9 les exp\u00e9riences des ELCP et des associations des diasporas pour mobiliser la jeunesse sur le paludisme notamment gr\u00e2ce \u00e0 ces deux vecteurs.<\/p>\n\n\n\n<figure class=\"wp-block-gallery has-nested-images columns-default is-cropped wp-block-gallery-1 is-layout-flex wp-block-gallery-is-layout-flex\">\n<figure class=\"wp-block-image size-large\"><img loading=\"lazy\" decoding=\"async\" width=\"768\" height=\"1024\" data-id=\"370\" src=\"https:\/\/elcp.fr\/wp-content\/uploads\/2024\/01\/WhatsApp-Image-2023-10-13-at-15.59.18.jpeg\" alt=\"\" class=\"wp-image-370\" srcset=\"https:\/\/elcp.fr\/wp-content\/uploads\/2024\/01\/WhatsApp-Image-2023-10-13-at-15.59.18.jpeg 768w, https:\/\/elcp.fr\/wp-content\/uploads\/2024\/01\/WhatsApp-Image-2023-10-13-at-15.59.18-225x300.jpeg 225w\" sizes=\"auto, (max-width: 768px) 100vw, 768px\" \/><\/figure>\n\n\n\n<figure class=\"wp-block-image size-large\"><img loading=\"lazy\" decoding=\"async\" width=\"768\" height=\"1024\" data-id=\"369\" src=\"https:\/\/elcp.fr\/wp-content\/uploads\/2024\/01\/WhatsApp-Image-2023-10-13-at-16.03.01-768x1024.jpeg\" alt=\"\" class=\"wp-image-369\" srcset=\"https:\/\/elcp.fr\/wp-content\/uploads\/2024\/01\/WhatsApp-Image-2023-10-13-at-16.03.01-768x1024.jpeg 768w, https:\/\/elcp.fr\/wp-content\/uploads\/2024\/01\/WhatsApp-Image-2023-10-13-at-16.03.01-225x300.jpeg 225w, https:\/\/elcp.fr\/wp-content\/uploads\/2024\/01\/WhatsApp-Image-2023-10-13-at-16.03.01-1152x1536.jpeg 1152w, https:\/\/elcp.fr\/wp-content\/uploads\/2024\/01\/WhatsApp-Image-2023-10-13-at-16.03.01.jpeg 1536w\" sizes=\"auto, (max-width: 768px) 100vw, 768px\" \/><\/figure>\n<\/figure>\n\n\n\n<p>Lors de cette visite au B\u00e9nin, les ELCP ont rencontr\u00e9 l\u2019<a href=\"https:\/\/www.ancb.bj\">Association Nationale des Communes du B\u00e9nin<\/a> (ANCB) avec qui ils ont \u00e9chang\u00e9 sur la situation du paludisme et le r\u00f4le des \u00e9lus locaux dans la lutte contre cette maladie. Suite \u00e0 cette rencontre, les \u00e9lus membres de l\u2019ANCB ont lanc\u00e9 l\u2019alliance des maires b\u00e9ninois contre le paludisme qui regroupe des repr\u00e9sentants de chaque r\u00e9gion et vise \u00e0 une mobilisation durable et forte contre cette maladie. D\u2019autres associations d\u2019\u00e9lus locaux de pays francophones ont exprim\u00e9 leur int\u00e9r\u00eat pour ce format d\u2019engagement et envisagent de r\u00e9pliquer ce travail.<\/p>\n\n\n\n<p><\/p>\n\n\n\n<figure class=\"wp-block-embed is-type-video is-provider-youtube wp-block-embed-youtube wp-embed-aspect-16-9 wp-has-aspect-ratio\"><div class=\"wp-block-embed__wrapper\">\n<iframe loading=\"lazy\" title=\"Le journal de 20h du 16 Octobre 2023 sur l&#039;ORTB\" width=\"950\" height=\"534\" src=\"https:\/\/www.youtube.com\/embed\/kILH_Lo6Eeo?start=593&#038;feature=oembed\" frameborder=\"0\" allow=\"accelerometer; autoplay; clipboard-write; encrypted-media; gyroscope; picture-in-picture; web-share\" allowfullscreen><\/iframe>\n<\/div><\/figure>\n","protected":false},"excerpt":{"rendered":"<p>Mobilisation des \u00e9lus de l\u2019Association Internationale des Maires Francophones En octobre 2023, les ELCP se sont mobilis\u00e9s pour mettre le paludisme au menu des discussions du congr\u00e8s de l\u2019Association Internationale des Maires Francophones, qui se tenait \u00e0 Cotonou.&nbsp; Cette mobilisation a \u00e9t\u00e9 possible gr\u00e2ce \u00e0 l\u2019accueil de l\u2019AIMF et au partenariat avec Speak Up Africa, &hellip; <\/p>\n<p class=\"link-more\"><a href=\"https:\/\/elcp.fr\/index.php\/mobilisation-des-elus-de-lassociation-internationale-des-maires-francophones\/\" class=\"more-link\">Read more<span class=\"screen-reader-text\"> &#8220;Mobilisation des \u00e9lus de l\u2019Association Internationale des Maires Francophones&#8221;<\/span><\/a><\/p>\n","protected":false},"author":2,"featured_media":0,"parent":0,"menu_order":0,"comment_status":"closed","ping_status":"closed","template":"","meta":{"footnotes":""},"class_list":["post-258","page","type-page","status-publish","hentry"],"_links":{"self":[{"href":"https:\/\/elcp.fr\/index.php\/wp-json\/wp\/v2\/pages\/258","targetHints":{"allow":["GET"]}}],"collection":[{"href":"https:\/\/elcp.fr\/index.php\/wp-json\/wp\/v2\/pages"}],"about":[{"href":"https:\/\/elcp.fr\/index.php\/wp-json\/wp\/v2\/types\/page"}],"author":[{"embeddable":true,"href":"https:\/\/elcp.fr\/index.php\/wp-json\/wp\/v2\/users\/2"}],"replies":[{"embeddable":true,"href":"https:\/\/elcp.fr\/index.php\/wp-json\/wp\/v2\/comments?post=258"}],"version-history":[{"count":6,"href":"https:\/\/elcp.fr\/index.php\/wp-json\/wp\/v2\/pages\/258\/revisions"}],"predecessor-version":[{"id":371,"href":"https:\/\/elcp.fr\/index.php\/wp-json\/wp\/v2\/pages\/258\/revisions\/371"}],"wp:attachment":[{"href":"https:\/\/elcp.fr\/index.php\/wp-json\/wp\/v2\/media?parent=258"}],"curies":[{"name":"wp","href":"https:\/\/api.w.org\/{rel}","templated":true}]}}