{"id":256,"date":"2024-01-19T14:17:54","date_gmt":"2024-01-19T14:17:54","guid":{"rendered":"https:\/\/elcp.fr\/?page_id=256"},"modified":"2024-01-19T21:11:54","modified_gmt":"2024-01-19T21:11:54","slug":"mobilisation-lors-devenements-sportifs-et-culturels","status":"publish","type":"page","link":"https:\/\/elcp.fr\/index.php\/mobilisation-lors-devenements-sportifs-et-culturels\/","title":{"rendered":"Mobilisation lors d\u2019\u00e9v\u00e9nements sportifs et culturels"},"content":{"rendered":"\n<p><strong>Mobilisation lors d\u2019\u00e9v\u00e9nements sportifs et culturels<\/strong><\/p>\n\n\n\n<hr class=\"wp-block-separator has-alpha-channel-opacity is-style-wide\"\/>\n\n\n\n<p>En juillet 2023, les ELCP ont mobilis\u00e9 les acteurs culturels et sportifs lors de grands \u00e9v\u00e9nements populaires, et notamment des \u00e9v\u00e9nements mobilisant la jeunesse issue des diasporas africaines.&nbsp;<\/p>\n\n\n\n<p>Un partenariat a eu lieu avec le <a href=\"https:\/\/quai54.com\/\">Quai 54<\/a>, plus grand tournoi de street basket au monde et haut lieu de la sc\u00e8ne hip hop.&nbsp;<\/p>\n\n\n\n<p>A cette occasion, les ELCP et leur partenaire Esprit d\u2019Eb\u00e8ne ont mobilis\u00e9 les participants pour s\u2019engager contre le paludisme, en portant le tee-shirt de la campagne et prenant des photos ou des vid\u00e9os pour expliquer leur soutien. Ces diff\u00e9rents outils ont ensuite \u00e9t\u00e9 relay\u00e9 sur les r\u00e9seaux sociaux des ELCP, des partenaires mais aussi des champions et c\u00e9l\u00e9brit\u00e9s engag\u00e9es.<\/p>\n\n\n\n<figure class=\"wp-block-gallery has-nested-images columns-2 wp-block-gallery-1 is-layout-flex wp-block-gallery-is-layout-flex\">\n<figure class=\"wp-block-image size-large\"><img loading=\"lazy\" decoding=\"async\" width=\"768\" height=\"1024\" data-id=\"351\" src=\"https:\/\/elcp.fr\/wp-content\/uploads\/2024\/01\/7fb661ac-e9ce-4173-aee0-4ef44d18b001-1.jpeg\" alt=\"\" class=\"wp-image-351\" srcset=\"https:\/\/elcp.fr\/wp-content\/uploads\/2024\/01\/7fb661ac-e9ce-4173-aee0-4ef44d18b001-1.jpeg 768w, https:\/\/elcp.fr\/wp-content\/uploads\/2024\/01\/7fb661ac-e9ce-4173-aee0-4ef44d18b001-1-225x300.jpeg 225w\" sizes=\"auto, (max-width: 768px) 100vw, 768px\" \/><\/figure>\n\n\n\n<figure class=\"wp-block-image size-large\"><img loading=\"lazy\" decoding=\"async\" width=\"600\" height=\"800\" data-id=\"352\" src=\"https:\/\/elcp.fr\/wp-content\/uploads\/2024\/01\/012f832b-6f68-4a70-bea7-472739178000-1.jpeg\" alt=\"\" class=\"wp-image-352\" srcset=\"https:\/\/elcp.fr\/wp-content\/uploads\/2024\/01\/012f832b-6f68-4a70-bea7-472739178000-1.jpeg 600w, https:\/\/elcp.fr\/wp-content\/uploads\/2024\/01\/012f832b-6f68-4a70-bea7-472739178000-1-225x300.jpeg 225w\" sizes=\"auto, (max-width: 600px) 100vw, 600px\" \/><\/figure>\n\n\n\n<figure class=\"wp-block-image size-large\"><img loading=\"lazy\" decoding=\"async\" width=\"1024\" height=\"768\" data-id=\"350\" src=\"https:\/\/elcp.fr\/wp-content\/uploads\/2024\/01\/710f22f3-2714-4079-91ec-40191f84677a-1.jpeg\" alt=\"\" class=\"wp-image-350\" srcset=\"https:\/\/elcp.fr\/wp-content\/uploads\/2024\/01\/710f22f3-2714-4079-91ec-40191f84677a-1.jpeg 1024w, https:\/\/elcp.fr\/wp-content\/uploads\/2024\/01\/710f22f3-2714-4079-91ec-40191f84677a-1-300x225.jpeg 300w, https:\/\/elcp.fr\/wp-content\/uploads\/2024\/01\/710f22f3-2714-4079-91ec-40191f84677a-1-768x576.jpeg 768w\" sizes=\"auto, (max-width: 1024px) 100vw, 1024px\" \/><\/figure>\n\n\n\n<figure class=\"wp-block-image size-large\"><img loading=\"lazy\" decoding=\"async\" width=\"1024\" height=\"768\" data-id=\"349\" src=\"https:\/\/elcp.fr\/wp-content\/uploads\/2024\/01\/854e109d-a1ac-4e10-9458-6d345246e71f-1-1024x768.jpeg\" alt=\"\" class=\"wp-image-349\" srcset=\"https:\/\/elcp.fr\/wp-content\/uploads\/2024\/01\/854e109d-a1ac-4e10-9458-6d345246e71f-1-1024x768.jpeg 1024w, https:\/\/elcp.fr\/wp-content\/uploads\/2024\/01\/854e109d-a1ac-4e10-9458-6d345246e71f-1-300x225.jpeg 300w, https:\/\/elcp.fr\/wp-content\/uploads\/2024\/01\/854e109d-a1ac-4e10-9458-6d345246e71f-1-768x576.jpeg 768w, https:\/\/elcp.fr\/wp-content\/uploads\/2024\/01\/854e109d-a1ac-4e10-9458-6d345246e71f-1-1536x1152.jpeg 1536w, https:\/\/elcp.fr\/wp-content\/uploads\/2024\/01\/854e109d-a1ac-4e10-9458-6d345246e71f-1-2000x1500.jpeg 2000w, https:\/\/elcp.fr\/wp-content\/uploads\/2024\/01\/854e109d-a1ac-4e10-9458-6d345246e71f-1.jpeg 2048w\" sizes=\"auto, (max-width: 1024px) 100vw, 1024px\" \/><\/figure>\n<\/figure>\n\n\n\n<p>Une mobilisation similaire a eu lieu au <a href=\"https:\/\/www.arts-in-the-city.com\/2023\/09\/19\/le-paris-max-freestyle-dynamite-le-forum-des-halles\/\">Paris Max Freestyle<\/a> en septembre 2023, haut lieu des sports urbains.<\/p>\n\n\n\n<figure class=\"wp-block-image size-large is-resized\"><img loading=\"lazy\" decoding=\"async\" src=\"https:\/\/elcp.fr\/wp-content\/uploads\/2024\/01\/F64dEZ9WoAAE0LX-1024x768.jpeg\" alt=\"\" class=\"wp-image-354\" width=\"413\" height=\"310\" srcset=\"https:\/\/elcp.fr\/wp-content\/uploads\/2024\/01\/F64dEZ9WoAAE0LX-1024x768.jpeg 1024w, https:\/\/elcp.fr\/wp-content\/uploads\/2024\/01\/F64dEZ9WoAAE0LX-300x225.jpeg 300w, https:\/\/elcp.fr\/wp-content\/uploads\/2024\/01\/F64dEZ9WoAAE0LX-768x576.jpeg 768w, https:\/\/elcp.fr\/wp-content\/uploads\/2024\/01\/F64dEZ9WoAAE0LX.jpeg 1200w\" sizes=\"auto, (max-width: 413px) 100vw, 413px\" \/><\/figure>\n\n\n\n<p>Enfin, l\u2019association \u00e9tait pr\u00e9sente lors de la <a href=\"https:\/\/lacigale.fr\/evenements\/battle-afro-internationale-7eme-edition\/\">Battle Afro&nbsp;Internationale 2023<\/a>, fin octobre \u00e0 la Cigale, rendez-vous mondial des danses africaines urbaines. Lors de cet \u00e9v\u00e9nement une mobilisation de sportifs et c\u00e9l\u00e9brit\u00e9s a eu lieu, et le pr\u00e9sident ainsi que le vice-pr\u00e9sident des ELCP ont pu prendre la parole sur sc\u00e8ne pour appeler \u00e0 la mobilisation contre le paludisme<\/p>\n\n\n\n<figure class=\"wp-block-gallery has-nested-images columns-4 is-cropped wp-block-gallery-2 is-layout-flex wp-block-gallery-is-layout-flex\">\n<figure class=\"wp-block-image size-large\"><img loading=\"lazy\" decoding=\"async\" width=\"768\" height=\"1024\" data-id=\"356\" src=\"https:\/\/elcp.fr\/wp-content\/uploads\/2024\/01\/WhatsApp-Image-2024-01-19-at-18.54.36-3-768x1024.jpeg\" alt=\"\" class=\"wp-image-356\" srcset=\"https:\/\/elcp.fr\/wp-content\/uploads\/2024\/01\/WhatsApp-Image-2024-01-19-at-18.54.36-3-768x1024.jpeg 768w, https:\/\/elcp.fr\/wp-content\/uploads\/2024\/01\/WhatsApp-Image-2024-01-19-at-18.54.36-3-225x300.jpeg 225w, https:\/\/elcp.fr\/wp-content\/uploads\/2024\/01\/WhatsApp-Image-2024-01-19-at-18.54.36-3-1152x1536.jpeg 1152w, https:\/\/elcp.fr\/wp-content\/uploads\/2024\/01\/WhatsApp-Image-2024-01-19-at-18.54.36-3.jpeg 1200w\" sizes=\"auto, (max-width: 768px) 100vw, 768px\" \/><\/figure>\n\n\n\n<figure class=\"wp-block-image size-large\"><img loading=\"lazy\" decoding=\"async\" width=\"768\" height=\"1024\" data-id=\"357\" src=\"https:\/\/elcp.fr\/wp-content\/uploads\/2024\/01\/WhatsApp-Image-2024-01-19-at-18.54.36-4-768x1024.jpeg\" alt=\"\" class=\"wp-image-357\" srcset=\"https:\/\/elcp.fr\/wp-content\/uploads\/2024\/01\/WhatsApp-Image-2024-01-19-at-18.54.36-4-768x1024.jpeg 768w, https:\/\/elcp.fr\/wp-content\/uploads\/2024\/01\/WhatsApp-Image-2024-01-19-at-18.54.36-4-225x300.jpeg 225w, https:\/\/elcp.fr\/wp-content\/uploads\/2024\/01\/WhatsApp-Image-2024-01-19-at-18.54.36-4-1152x1536.jpeg 1152w, https:\/\/elcp.fr\/wp-content\/uploads\/2024\/01\/WhatsApp-Image-2024-01-19-at-18.54.36-4.jpeg 1200w\" sizes=\"auto, (max-width: 768px) 100vw, 768px\" \/><\/figure>\n\n\n\n<figure class=\"wp-block-image size-large\"><img loading=\"lazy\" decoding=\"async\" width=\"768\" height=\"1024\" data-id=\"358\" src=\"https:\/\/elcp.fr\/wp-content\/uploads\/2024\/01\/WhatsApp-Image-2024-01-19-at-18.54.37-1-768x1024.jpeg\" alt=\"\" class=\"wp-image-358\" srcset=\"https:\/\/elcp.fr\/wp-content\/uploads\/2024\/01\/WhatsApp-Image-2024-01-19-at-18.54.37-1-768x1024.jpeg 768w, https:\/\/elcp.fr\/wp-content\/uploads\/2024\/01\/WhatsApp-Image-2024-01-19-at-18.54.37-1-225x300.jpeg 225w, https:\/\/elcp.fr\/wp-content\/uploads\/2024\/01\/WhatsApp-Image-2024-01-19-at-18.54.37-1-1152x1536.jpeg 1152w, https:\/\/elcp.fr\/wp-content\/uploads\/2024\/01\/WhatsApp-Image-2024-01-19-at-18.54.37-1.jpeg 1200w\" sizes=\"auto, (max-width: 768px) 100vw, 768px\" \/><\/figure>\n\n\n\n<figure class=\"wp-block-image size-large\"><img loading=\"lazy\" decoding=\"async\" width=\"768\" height=\"1024\" data-id=\"359\" src=\"https:\/\/elcp.fr\/wp-content\/uploads\/2024\/01\/WhatsApp-Image-2024-01-19-at-18.54.37-768x1024.jpeg\" alt=\"\" class=\"wp-image-359\" srcset=\"https:\/\/elcp.fr\/wp-content\/uploads\/2024\/01\/WhatsApp-Image-2024-01-19-at-18.54.37-768x1024.jpeg 768w, https:\/\/elcp.fr\/wp-content\/uploads\/2024\/01\/WhatsApp-Image-2024-01-19-at-18.54.37-225x300.jpeg 225w, https:\/\/elcp.fr\/wp-content\/uploads\/2024\/01\/WhatsApp-Image-2024-01-19-at-18.54.37-1152x1536.jpeg 1152w, https:\/\/elcp.fr\/wp-content\/uploads\/2024\/01\/WhatsApp-Image-2024-01-19-at-18.54.37.jpeg 1200w\" sizes=\"auto, (max-width: 768px) 100vw, 768px\" \/><\/figure>\n<\/figure>\n","protected":false},"excerpt":{"rendered":"<p>Mobilisation lors d\u2019\u00e9v\u00e9nements sportifs et culturels En juillet 2023, les ELCP ont mobilis\u00e9 les acteurs culturels et sportifs lors de grands \u00e9v\u00e9nements populaires, et notamment des \u00e9v\u00e9nements mobilisant la jeunesse issue des diasporas africaines.&nbsp; Un partenariat a eu lieu avec le Quai 54, plus grand tournoi de street basket au monde et haut lieu de &hellip; <\/p>\n<p class=\"link-more\"><a href=\"https:\/\/elcp.fr\/index.php\/mobilisation-lors-devenements-sportifs-et-culturels\/\" class=\"more-link\">Read more<span class=\"screen-reader-text\"> &#8220;Mobilisation lors d\u2019\u00e9v\u00e9nements sportifs et culturels&#8221;<\/span><\/a><\/p>\n","protected":false},"author":2,"featured_media":0,"parent":0,"menu_order":0,"comment_status":"closed","ping_status":"closed","template":"","meta":{"footnotes":""},"class_list":["post-256","page","type-page","status-publish","hentry"],"_links":{"self":[{"href":"https:\/\/elcp.fr\/index.php\/wp-json\/wp\/v2\/pages\/256","targetHints":{"allow":["GET"]}}],"collection":[{"href":"https:\/\/elcp.fr\/index.php\/wp-json\/wp\/v2\/pages"}],"about":[{"href":"https:\/\/elcp.fr\/index.php\/wp-json\/wp\/v2\/types\/page"}],"author":[{"embeddable":true,"href":"https:\/\/elcp.fr\/index.php\/wp-json\/wp\/v2\/users\/2"}],"replies":[{"embeddable":true,"href":"https:\/\/elcp.fr\/index.php\/wp-json\/wp\/v2\/comments?post=256"}],"version-history":[{"count":5,"href":"https:\/\/elcp.fr\/index.php\/wp-json\/wp\/v2\/pages\/256\/revisions"}],"predecessor-version":[{"id":360,"href":"https:\/\/elcp.fr\/index.php\/wp-json\/wp\/v2\/pages\/256\/revisions\/360"}],"wp:attachment":[{"href":"https:\/\/elcp.fr\/index.php\/wp-json\/wp\/v2\/media?parent=256"}],"curies":[{"name":"wp","href":"https:\/\/api.w.org\/{rel}","templated":true}]}}